{"id":5545,"date":"2023-02-14T15:26:31","date_gmt":"2023-02-14T18:26:31","guid":{"rendered":"https:\/\/legacytricologia.com.br\/?page_id=5545"},"modified":"2023-02-14T15:42:37","modified_gmt":"2023-02-14T18:42:37","slug":"pos-graduacao-tricologia-abt","status":"publish","type":"page","link":"https:\/\/legacytricologia.com.br\/index.php\/pos-graduacao-tricologia-abt\/","title":{"rendered":"P\u00f3s-Gradua\u00e7\u00e3o Tricologia ABT"},"content":{"rendered":"\n","protected":false},"excerpt":{"rendered":"","protected":false},"author":1,"featured_media":0,"parent":0,"menu_order":0,"comment_status":"closed","ping_status":"closed","template":"","meta":{"om_disable_all_campaigns":false,"_monsterinsights_skip_tracking":false,"_monsterinsights_sitenote_active":false,"_monsterinsights_sitenote_note":"","_monsterinsights_sitenote_category":0,"footnotes":""},"class_list":["post-5545","page","type-page","status-publish"],"aioseo_notices":[],"_links":{"self":[{"href":"https:\/\/legacytricologia.com.br\/index.php\/wp-json\/wp\/v2\/pages\/5545","targetHints":{"allow":["GET"]}}],"collection":[{"href":"https:\/\/legacytricologia.com.br\/index.php\/wp-json\/wp\/v2\/pages"}],"about":[{"href":"https:\/\/legacytricologia.com.br\/index.php\/wp-json\/wp\/v2\/types\/page"}],"author":[{"embeddable":true,"href":"https:\/\/legacytricologia.com.br\/index.php\/wp-json\/wp\/v2\/users\/1"}],"replies":[{"embeddable":true,"href":"https:\/\/legacytricologia.com.br\/index.php\/wp-json\/wp\/v2\/comments?post=5545"}],"version-history":[{"count":3,"href":"https:\/\/legacytricologia.com.br\/index.php\/wp-json\/wp\/v2\/pages\/5545\/revisions"}],"predecessor-version":[{"id":5557,"href":"https:\/\/legacytricologia.com.br\/index.php\/wp-json\/wp\/v2\/pages\/5545\/revisions\/5557"}],"wp:attachment":[{"href":"https:\/\/legacytricologia.com.br\/index.php\/wp-json\/wp\/v2\/media?parent=5545"}],"curies":[{"name":"wp","href":"https:\/\/api.w.org\/{rel}","templated":true}]}}