{"id":4903,"date":"2023-02-04T12:50:35","date_gmt":"2023-02-04T15:50:35","guid":{"rendered":"https:\/\/legacytricologia.com.br\/?page_id=4903"},"modified":"2023-12-28T23:16:33","modified_gmt":"2023-12-29T02:16:33","slug":"quem-somos","status":"publish","type":"page","link":"https:\/\/legacytricologia.com.br\/index.php\/quem-somos\/","title":{"rendered":"Quem somos"},"content":{"rendered":"[vc_row type=&#8221;full_width_background&#8221; full_screen_row_position=&#8221;middle&#8221; column_margin=&#8221;default&#8221; column_direction=&#8221;default&#8221; column_direction_tablet=&#8221;default&#8221; column_direction_phone=&#8221;default&#8221; bg_color=&#8221;#ffffff&#8221; scene_position=&#8221;center&#8221; top_padding=&#8221;10%&#8221; bottom_padding=&#8221;0&#8243; text_color=&#8221;dark&#8221; text_align=&#8221;left&#8221; row_border_radius=&#8221;none&#8221; row_border_radius_applies=&#8221;bg&#8221; overflow=&#8221;visible&#8221; id=&#8221;core-features&#8221; row_name=&#8221;Core Features&#8221; enable_gradient=&#8221;true&#8221; advanced_gradient_angle=&#8221;0&#8243; overlay_strength=&#8221;0.5&#8243; gradient_direction=&#8221;left_to_right&#8221; shape_divider_position=&#8221;bottom&#8221; bg_image_animation=&#8221;none&#8221; gradient_type=&#8221;default&#8221; shape_type=&#8221;&#8221;][vc_column column_padding=&#8221;no-extra-padding&#8221; column_padding_tablet=&#8221;inherit&#8221; column_padding_phone=&#8221;inherit&#8221; column_padding_position=&#8221;all&#8221; column_element_spacing=&#8221;default&#8221; background_color_opacity=&#8221;1&#8243; background_hover_color_opacity=&#8221;1&#8243; column_shadow=&#8221;none&#8221; column_border_radius=&#8221;none&#8221; column_link_target=&#8221;_self&#8221; column_position=&#8221;default&#8221; advanced_gradient_angle=&#8221;0&#8243; gradient_direction=&#8221;left_to_right&#8221; overlay_strength=&#8221;0.3&#8243; width=&#8221;1\/2&#8243; tablet_width_inherit=&#8221;default&#8221; tablet_text_alignment=&#8221;default&#8221; phone_text_alignment=&#8221;default&#8221; animation_type=&#8221;default&#8221; bg_image_animation=&#8221;none&#8221; border_type=&#8221;simple&#8221; column_border_width=&#8221;none&#8221; column_border_style=&#8221;solid&#8221; gradient_type=&#8221;default&#8221;][vc_column_text css=&#8221;.vc_custom_1703816146509{padding-bottom: 10px !important;}&#8221;]\n<h1 style=\"text-align: left;\"><span style=\"color: #414069;\">Compromisso com a forma\u00e7\u00e3o de profissionais<\/span><\/h1>\n[\/vc_column_text][divider line_type=&#8221;Small Line&#8221; line_alignment=&#8221;default&#8221; line_thickness=&#8221;3&#8243; divider_color=&#8221;extra-color-gradient-1&#8243; animate=&#8221;yes&#8221; custom_height=&#8221;30&#8243; custom_line_width=&#8221;120&#8243; delay=&#8221;100&#8243;][vc_column_text max_width=&#8221;450&#8243;]\n<h3 style=\"text-align: left;\"><span style=\"color: #414069;\">N\u00e3o queremos apenas ser &#8216;mais um curso&#8217;, nossa miss\u00e3o \u00e9 mudar a vida das pessoas<\/span><\/h3>\n[\/vc_column_text][\/vc_column][vc_column column_padding=&#8221;no-extra-padding&#8221; column_padding_tablet=&#8221;inherit&#8221; column_padding_phone=&#8221;inherit&#8221; column_padding_position=&#8221;all&#8221; column_element_spacing=&#8221;default&#8221; background_color_opacity=&#8221;1&#8243; background_hover_color_opacity=&#8221;1&#8243; column_shadow=&#8221;none&#8221; column_border_radius=&#8221;none&#8221; column_link_target=&#8221;_self&#8221; column_position=&#8221;default&#8221; gradient_direction=&#8221;left_to_right&#8221; overlay_strength=&#8221;0.3&#8243; width=&#8221;1\/2&#8243; tablet_width_inherit=&#8221;default&#8221; tablet_text_alignment=&#8221;default&#8221; phone_text_alignment=&#8221;default&#8221; animation_type=&#8221;default&#8221; bg_image_animation=&#8221;none&#8221; border_type=&#8221;simple&#8221; column_border_width=&#8221;none&#8221; column_border_style=&#8221;solid&#8221;][image_with_animation image_url=&#8221;6952&#8243; image_size=&#8221;full&#8221; animation_type=&#8221;entrance&#8221; animation=&#8221;Fade In&#8221; hover_animation=&#8221;none&#8221; alignment=&#8221;&#8221; border_radius=&#8221;none&#8221; box_shadow=&#8221;none&#8221; image_loading=&#8221;default&#8221; max_width=&#8221;100%&#8221; max_width_mobile=&#8221;default&#8221;][\/vc_column][\/vc_row][vc_row type=&#8221;full_width_background&#8221; full_screen_row_position=&#8221;middle&#8221; column_margin=&#8221;default&#8221; column_direction=&#8221;default&#8221; column_direction_tablet=&#8221;default&#8221; column_direction_phone=&#8221;default&#8221; bg_color=&#8221;#ffffff&#8221; scene_position=&#8221;center&#8221; top_padding=&#8221;6%&#8221; bottom_padding=&#8221;6%&#8221; text_color=&#8221;dark&#8221; text_align=&#8221;left&#8221; row_border_radius=&#8221;none&#8221; row_border_radius_applies=&#8221;bg&#8221; overflow=&#8221;visible&#8221; id=&#8221;core-features&#8221; row_name=&#8221;Core Features&#8221; enable_gradient=&#8221;true&#8221; color_overlay=&#8221;#d0cfc2&#8243; color_overlay_2=&#8221;#ffffff&#8221; advanced_gradient_angle=&#8221;0&#8243; overlay_strength=&#8221;0.3&#8243; gradient_direction=&#8221;left_to_right&#8221; shape_divider_position=&#8221;bottom&#8221; bg_image_animation=&#8221;none&#8221; gradient_type=&#8221;default&#8221; shape_type=&#8221;&#8221;][vc_column column_padding=&#8221;no-extra-padding&#8221; column_padding_tablet=&#8221;inherit&#8221; column_padding_phone=&#8221;inherit&#8221; column_padding_position=&#8221;all&#8221; column_element_spacing=&#8221;default&#8221; centered_text=&#8221;true&#8221; background_color_opacity=&#8221;1&#8243; background_hover_color_opacity=&#8221;1&#8243; column_shadow=&#8221;none&#8221; column_border_radius=&#8221;none&#8221; column_link_target=&#8221;_self&#8221; column_position=&#8221;default&#8221; gradient_direction=&#8221;left_to_right&#8221; overlay_strength=&#8221;0.3&#8243; width=&#8221;1\/1&#8243; tablet_width_inherit=&#8221;default&#8221; tablet_text_alignment=&#8221;default&#8221; phone_text_alignment=&#8221;default&#8221; animation_type=&#8221;default&#8221; bg_image_animation=&#8221;none&#8221; border_type=&#8221;simple&#8221; column_border_width=&#8221;none&#8221; column_border_style=&#8221;solid&#8221;][divider line_type=&#8221;No Line&#8221; custom_height=&#8221;50&#8243;][vc_row_inner column_margin=&#8221;default&#8221; column_direction=&#8221;default&#8221; column_direction_tablet=&#8221;default&#8221; column_direction_phone=&#8221;default&#8221; text_align=&#8221;left&#8221; row_position=&#8221;default&#8221; row_position_tablet=&#8221;inherit&#8221; row_position_phone=&#8221;inherit&#8221; overflow=&#8221;visible&#8221; pointer_events=&#8221;all&#8221; css=&#8221;.vc_custom_1675458040760{margin-top: 50px !important;margin-bottom: 50px !important;border-top-width: 100px !important;border-bottom-width: 100px !important;}&#8221;][vc_column_inner column_padding=&#8221;no-extra-padding&#8221; column_padding_tablet=&#8221;inherit&#8221; column_padding_phone=&#8221;inherit&#8221; column_padding_position=&#8221;all&#8221; column_element_spacing=&#8221;default&#8221; background_color_opacity=&#8221;1&#8243; background_hover_color_opacity=&#8221;1&#8243; column_shadow=&#8221;none&#8221; column_border_radius=&#8221;none&#8221; column_link_target=&#8221;_self&#8221; gradient_direction=&#8221;left_to_right&#8221; overlay_strength=&#8221;0.3&#8243; width=&#8221;2\/3&#8243; tablet_width_inherit=&#8221;default&#8221; animation_type=&#8221;default&#8221; bg_image_animation=&#8221;none&#8221; border_type=&#8221;simple&#8221; column_border_width=&#8221;none&#8221; column_border_style=&#8221;solid&#8221;][vc_column_text]\n<p style=\"text-align: left;\">Nascemos com a miss\u00e3o de deixar um<strong> legado de cresciment<\/strong>o, diferencial competitivo e qualidade educacional na vida dos nossos clientes e alunos.<\/p>\n<p style=\"text-align: left;\">Dentre mais de <strong>40 polos<\/strong> selecionados no Brasil e na Europa, a <strong><span style=\"color: #f4008e;\">Legacy\u2122 Tricologia<\/span> foi escolhida<\/strong> para sediar, representar e chancelar os projetos educacionais da <strong>Academia Brasileira de Tricologia \u2013 ABT<\/strong> nas cidades de Bras\u00edlia-DF e An\u00e1polis-GO.<\/p>\n<p style=\"text-align: left;\"><strong>Nossos cursos s\u00e3o presenciais<\/strong> e comtemplam o mais amplo e profundo espectro do conhecimento capilar. Temos paix\u00e3o por acolher e direcionar a todos que busquem capacita\u00e7\u00e3o de qualidade envolvendo, <strong>terapia capilar<\/strong>, <strong>tricologia cl\u00ednica<\/strong>, <strong>cosmetologia capilar<\/strong> e <strong>est\u00e9tica capilar<\/strong>.<\/p>\n<p style=\"text-align: left;\">Somos <strong>especialista em desenvolvimento de carreira<\/strong> e contemplamos uma grade com op\u00e7\u00f5es modulares imersivas, forma\u00e7\u00f5es t\u00e9cnicas e at\u00e9 mesmo de <strong>p\u00f3s gradua\u00e7\u00e3o em tricologia<\/strong>.<\/p>\n<p style=\"text-align: left;\">Atuamos dentro de um plano de ensino e sistema did\u00e1tico espec\u00edfico e procuramos contemplar tanto o <strong>aprofundamento<\/strong> <strong>no conhecimento cient\u00edfico<\/strong> quanto a <strong>pr\u00e1tica terap\u00eautica<\/strong>. Acreditamos que a combina\u00e7\u00e3o de aulas pr\u00e1ticas ap\u00f3s a teoria, maximizam os resultados e proporcionam aos nossos alunos uma imers\u00e3o completa e necess\u00e1ria para a atua\u00e7\u00e3o de m\u00e1ximo desempenho no mundo profissional.<\/p>\n<p style=\"text-align: left;\">A <strong><span style=\"color: #f4008e;\">Legacy\u2122 Tricologia <\/span><\/strong>conta com um corpo docente formado por mais de <strong>40 professores<\/strong> dentre <strong>especialistas<\/strong>, <strong>mestres<\/strong>, <strong>doutores<\/strong> e <strong>p\u00f3s-doutores<\/strong> na \u00e1rea capilar. Temos um compromisso com a qualidade e plano de carreira dos nossos alunos e por isso a equipe de suporte t\u00e9cnico e comercial da <strong><span style=\"color: #f4008e;\">Legacy\u2122 Tricologia<\/span><\/strong> tamb\u00e9m \u00e9 formada por especialistas em Tricologia &amp; Cosmiatria avan\u00e7ada que atuam com todo o <strong>acompanhamento<\/strong> <strong>t\u00e9cnico<\/strong> de forma <strong>gratu\u00edta<\/strong> p\u00f3s curso para todos os alunos formados na escola.<\/p>\n<p style=\"text-align: left;\">Desde 2019 j\u00e1 formamos <strong>mais de 300 profissionais<\/strong> em nossas sedes de Bras\u00edlia-DF e An\u00e1polis-GO e temos muito orgulho em contar com muitos alunos que passaram por nossas escola e hoje se destacam no mercado.<\/p>\n[\/vc_column_text][\/vc_column_inner][vc_column_inner column_padding=&#8221;no-extra-padding&#8221; column_padding_tablet=&#8221;inherit&#8221; column_padding_phone=&#8221;inherit&#8221; column_padding_position=&#8221;all&#8221; column_element_spacing=&#8221;default&#8221; background_color_opacity=&#8221;1&#8243; background_hover_color_opacity=&#8221;1&#8243; column_shadow=&#8221;none&#8221; column_border_radius=&#8221;none&#8221; column_link_target=&#8221;_self&#8221; gradient_direction=&#8221;left_to_right&#8221; overlay_strength=&#8221;0.3&#8243; width=&#8221;1\/3&#8243; tablet_width_inherit=&#8221;default&#8221; animation_type=&#8221;default&#8221; bg_image_animation=&#8221;none&#8221; border_type=&#8221;simple&#8221; column_border_width=&#8221;none&#8221; column_border_style=&#8221;solid&#8221;][team_member image_url=&#8221;4979&#8243; team_memeber_style=&#8221;meta_below&#8221; link_element=&#8221;none&#8221; color=&#8221;Accent-Color&#8221; name=&#8221;Ygor Vieira&#8221; job_position=&#8221;Diretor T\u00e9cnico&#8221;][\/team_member][\/vc_column_inner][\/vc_row_inner][divider line_type=&#8221;No Line&#8221; custom_height=&#8221;20&#8243;][divider line_type=&#8221;Full Width Line&#8221; line_thickness=&#8221;1&#8243; divider_color=&#8221;default&#8221; custom_height=&#8221;30&#8243;][divider line_type=&#8221;No Line&#8221; custom_height=&#8221;20&#8243;][vc_column_text]\n<p style=\"text-align: left;\">Ygor Vieira, Diretor T\u00e9cnico da <strong>Legacy\u2122 Tricologia <\/strong>\u00e9\u00a0 especialista em tricologia apaixonado pela propaga\u00e7\u00e3o da ci\u00eancia e conhecimento de alto n\u00edvel. Atua com a coordena\u00e7\u00e3o e implementa\u00e7\u00e3o de projetos educacionais ligados ao mundo capilar e direciona o desenvolvimento t\u00e9cnico de clientes renomados nacionalmente. \u00c9 reconhecido pela estrutura\u00e7\u00e3o de projetos e protocolos de alto impacto, colaborando constantemente como palestrante e docente em eventos educacionais de ensino superior e congressos na \u00e1rea de sa\u00fade e est\u00e9tica capilar. Acredita na corrente do bem e no desenvolvimento sist\u00eamico do ser humano. \u00c9 amante da bioqu\u00edmica de tudo que remete ao sistema capilar e estudioso dedicado da aromacologia. Acumula certifica\u00e7\u00f5es de institui\u00e7\u00f5es como Mackenzie, Centro Universit\u00e1rio de Rio Preto e Kroton. Est\u00e1 em processo de aquisi\u00e7\u00e3o de conhecimentos avan\u00e7ados a n\u00edvel de mestrado em ci\u00eancias naturop\u00e1ticas e combina as fun\u00e7\u00f5es de lecionador e disc\u00edpulo em cotidiano.<\/p>\n[\/vc_column_text][\/vc_column][vc_column column_padding=&#8221;no-extra-padding&#8221; column_padding_tablet=&#8221;inherit&#8221; column_padding_phone=&#8221;inherit&#8221; column_padding_position=&#8221;all&#8221; column_element_spacing=&#8221;default&#8221; background_color_opacity=&#8221;1&#8243; background_hover_color_opacity=&#8221;1&#8243; column_shadow=&#8221;none&#8221; column_border_radius=&#8221;none&#8221; column_link_target=&#8221;_self&#8221; column_position=&#8221;default&#8221; gradient_direction=&#8221;left_to_right&#8221; overlay_strength=&#8221;0.3&#8243; width=&#8221;1\/1&#8243; tablet_width_inherit=&#8221;default&#8221; tablet_text_alignment=&#8221;default&#8221; phone_text_alignment=&#8221;default&#8221; animation_type=&#8221;default&#8221; bg_image_animation=&#8221;none&#8221; border_type=&#8221;simple&#8221; column_border_width=&#8221;none&#8221; column_border_style=&#8221;solid&#8221;][vc_row_inner column_margin=&#8221;default&#8221; column_direction=&#8221;default&#8221; column_direction_tablet=&#8221;default&#8221; column_direction_phone=&#8221;default&#8221; text_align=&#8221;left&#8221; row_position=&#8221;default&#8221; row_position_tablet=&#8221;inherit&#8221; row_position_phone=&#8221;inherit&#8221; overflow=&#8221;visible&#8221; pointer_events=&#8221;all&#8221; css=&#8221;.vc_custom_1675458040760{margin-top: 50px !important;margin-bottom: 50px !important;border-top-width: 100px !important;border-bottom-width: 100px !important;}&#8221;][vc_column_inner column_padding=&#8221;no-extra-padding&#8221; column_padding_tablet=&#8221;inherit&#8221; column_padding_phone=&#8221;inherit&#8221; column_padding_position=&#8221;all&#8221; column_element_spacing=&#8221;default&#8221; centered_text=&#8221;true&#8221; background_color_opacity=&#8221;1&#8243; background_hover_color_opacity=&#8221;1&#8243; column_shadow=&#8221;none&#8221; column_border_radius=&#8221;none&#8221; column_link_target=&#8221;_self&#8221; advanced_gradient_angle=&#8221;0&#8243; gradient_direction=&#8221;left_to_right&#8221; overlay_strength=&#8221;0.3&#8243; width=&#8221;1\/1&#8243; tablet_width_inherit=&#8221;default&#8221; animation_type=&#8221;default&#8221; bg_image_animation=&#8221;none&#8221; border_type=&#8221;simple&#8221; column_border_width=&#8221;none&#8221; column_border_style=&#8221;solid&#8221; gradient_type=&#8221;default&#8221;][divider line_type=&#8221;No Line&#8221; custom_height=&#8221;30&#8243;][divider line_type=&#8221;Full Width Line&#8221; line_thickness=&#8221;1&#8243; divider_color=&#8221;default&#8221; custom_height=&#8221;30&#8243;][divider line_type=&#8221;No Line&#8221; custom_height=&#8221;30&#8243;][vc_column_text]<span style=\"color: #808080;\">Parceiro Oficial:<\/span>[\/vc_column_text][divider line_type=&#8221;No Line&#8221; custom_height=&#8221;30&#8243;][image_with_animation image_url=&#8221;5002&#8243; image_size=&#8221;full&#8221; animation_type=&#8221;entrance&#8221; animation=&#8221;Fade In&#8221; hover_animation=&#8221;none&#8221; alignment=&#8221;&#8221; border_radius=&#8221;none&#8221; box_shadow=&#8221;none&#8221; image_loading=&#8221;default&#8221; max_width=&#8221;100%&#8221; max_width_mobile=&#8221;default&#8221;][\/vc_column_inner][\/vc_row_inner][\/vc_column][vc_column column_padding=&#8221;no-extra-padding&#8221; column_padding_tablet=&#8221;inherit&#8221; column_padding_phone=&#8221;inherit&#8221; column_padding_position=&#8221;all&#8221; column_element_spacing=&#8221;default&#8221; background_color_opacity=&#8221;1&#8243; background_hover_color_opacity=&#8221;1&#8243; column_shadow=&#8221;none&#8221; column_border_radius=&#8221;none&#8221; column_link_target=&#8221;_self&#8221; column_position=&#8221;default&#8221; gradient_direction=&#8221;left_to_right&#8221; overlay_strength=&#8221;0.3&#8243; width=&#8221;1\/1&#8243; tablet_width_inherit=&#8221;default&#8221; tablet_text_alignment=&#8221;default&#8221; phone_text_alignment=&#8221;default&#8221; animation_type=&#8221;default&#8221; bg_image_animation=&#8221;none&#8221; border_type=&#8221;simple&#8221; column_border_width=&#8221;none&#8221; column_border_style=&#8221;solid&#8221;][\/vc_column][\/vc_row]\n","protected":false},"excerpt":{"rendered":"<p>[vc_row type=&#8221;full_width_background&#8221; full_screen_row_position=&#8221;middle&#8221; column_margin=&#8221;default&#8221; column_direction=&#8221;default&#8221; column_direction_tablet=&#8221;default&#8221; column_direction_phone=&#8221;default&#8221; bg_color=&#8221;#ffffff&#8221; scene_position=&#8221;center&#8221; top_padding=&#8221;10%&#8221; bottom_padding=&#8221;0&#8243; text_color=&#8221;dark&#8221; text_align=&#8221;left&#8221; row_border_radius=&#8221;none&#8221; row_border_radius_applies=&#8221;bg&#8221; overflow=&#8221;visible&#8221; id=&#8221;core-features&#8221; row_name=&#8221;Core Features&#8221; enable_gradient=&#8221;true&#8221; advanced_gradient_angle=&#8221;0&#8243; overlay_strength=&#8221;0.5&#8243; gradient_direction=&#8221;left_to_right&#8221; shape_divider_position=&#8221;bottom&#8221; bg_image_animation=&#8221;none&#8221; gradient_type=&#8221;default&#8221; shape_type=&#8221;&#8221;][vc_column column_padding=&#8221;no-extra-padding&#8221; column_padding_tablet=&#8221;inherit&#8221; column_padding_phone=&#8221;inherit&#8221;&#8230;<\/p>\n","protected":false},"author":1,"featured_media":0,"parent":0,"menu_order":0,"comment_status":"closed","ping_status":"closed","template":"","meta":{"om_disable_all_campaigns":false,"_monsterinsights_skip_tracking":false,"_monsterinsights_sitenote_active":false,"_monsterinsights_sitenote_note":"","_monsterinsights_sitenote_category":0,"footnotes":""},"class_list":["post-4903","page","type-page","status-publish"],"aioseo_notices":[],"_links":{"self":[{"href":"https:\/\/legacytricologia.com.br\/index.php\/wp-json\/wp\/v2\/pages\/4903","targetHints":{"allow":["GET"]}}],"collection":[{"href":"https:\/\/legacytricologia.com.br\/index.php\/wp-json\/wp\/v2\/pages"}],"about":[{"href":"https:\/\/legacytricologia.com.br\/index.php\/wp-json\/wp\/v2\/types\/page"}],"author":[{"embeddable":true,"href":"https:\/\/legacytricologia.com.br\/index.php\/wp-json\/wp\/v2\/users\/1"}],"replies":[{"embeddable":true,"href":"https:\/\/legacytricologia.com.br\/index.php\/wp-json\/wp\/v2\/comments?post=4903"}],"version-history":[{"count":38,"href":"https:\/\/legacytricologia.com.br\/index.php\/wp-json\/wp\/v2\/pages\/4903\/revisions"}],"predecessor-version":[{"id":6953,"href":"https:\/\/legacytricologia.com.br\/index.php\/wp-json\/wp\/v2\/pages\/4903\/revisions\/6953"}],"wp:attachment":[{"href":"https:\/\/legacytricologia.com.br\/index.php\/wp-json\/wp\/v2\/media?parent=4903"}],"curies":[{"name":"wp","href":"https:\/\/api.w.org\/{rel}","templated":true}]}}